{"id":1994,"date":"2017-11-17T22:10:49","date_gmt":"2017-11-17T13:10:49","guid":{"rendered":"https:\/\/www.eusa-japan.org\/?page_id=1994"},"modified":"2017-11-17T22:10:49","modified_gmt":"2017-11-17T13:10:49","slug":"%e6%97%a5%e6%9c%aceu%e5%ad%a6%e4%bc%9a%e5%b9%b4%e5%a0%b1%e3%80%80%e7%ac%ac32%e5%8f%b7%ef%bc%882012%e5%b9%b4%ef%bc%89","status":"publish","type":"page","link":"https:\/\/www.eusa-japan.org\/?page_id=1994","title":{"rendered":"\u65e5\u672cEU\u5b66\u4f1a\u5e74\u5831\u3000\u7b2c32\u53f7\uff082012\u5e74\uff09"},"content":{"rendered":"<p><strong>\u30b0\u30ed\u30fc\u30d0\u30eb\u5316\u3068EU\u7d71\u5408\u306e\u518d\u691c\u8a3c<\/strong><\/p>\n<table width=\"560\">\n<tbody>\n<tr>\n<td width=\"426\">\n<h5><b>\u7279\u5225\u5bc4\u7a3f<\/b><\/h5>\n<\/td>\n<td width=\"129\"><\/td>\n<\/tr>\n<tr>\n<td width=\"426\">\n<h5>The EU and Japan: The Way Forward of Two Likeminded Strategic Partners.<\/h5>\n<\/td>\n<td width=\"129\">\n<h6>\u00a0Hans Dietmar Schweisgut<\/h6>\n<\/td>\n<\/tr>\n<tr>\n<td width=\"426\">\n<h5><b>\u5171\u901a\u8ad6\u984c<\/b><\/h5>\n<\/td>\n<td width=\"129\"><\/td>\n<\/tr>\n<tr>\n<td width=\"426\">\n<h6>EU\u7af6\u4e89\u6cd5\u3068\u5e02\u5834\u7d71\u5408\u306e\u7dcf\u5408\u7684\u691c\u8a0e<\/h6>\n<\/td>\n<td width=\"129\">\n<h6>\u6839\u5cb8\u54f2<\/h6>\n<\/td>\n<\/tr>\n<tr>\n<td width=\"426\">\n<h6>EU\u5358\u4e00\u5e02\u5834 \u2015\u7d71\u5408\u4ee5\u524d\u3068\u4ee5\u5f8c\uff0c\u305d\u3057\u3066\u73fe\u5728\u306e\u6311\u6226<\/h6>\n<\/td>\n<td width=\"129\">\n<h6>\u7530\u4e2d\u7d20\u9999<\/h6>\n<\/td>\n<\/tr>\n<tr>\n<td width=\"426\">\n<h6>Sovereign Debt Crisis 2010-2011: Institutional Improvisation on Margins of the EU Treaty Framework<\/h6>\n<\/td>\n<td width=\"129\">\n<h6>Ivo \u0160LOSAR\u010c\u0139K<\/h6>\n<\/td>\n<\/tr>\n<tr>\n<td width=\"426\">\n<h6>EU\u7af6\u4e89\u6cd5\u306e\u61b2\u6cd5\u7684\u8003\u5bdf \u2015\u61b2\u6cd5\u7684\u591a\u5143\u4e3b\u7fa9\u3068EU\u7af6\u4e89\u6cd5\u306e\u73fe\u4ee3\u5316<\/h6>\n<\/td>\n<td width=\"129\">\n<h6>\u9808\u7db2\u9686\u592b<\/h6>\n<\/td>\n<\/tr>\n<tr>\n<td width=\"426\">\n<h6>\u6b27\u5dde\u91d1\u878d\u30fb\u7d4c\u6e08\u5371\u6a5f\u3068EU\u7d4c\u6e08\u30ac\u30d0\u30ca\u30f3\u30b9\uff1a\u65b0\u305f\u306a\u30ac\u30d0\u30ca\u30f3\u30b9\u306e\u63d0\u6848<\/h6>\n<\/td>\n<td width=\"129\">\n<h6>\u9ad8\u5c4b\u5b9a\u7f8e<\/h6>\n<\/td>\n<\/tr>\n<tr>\n<td width=\"426\">\n<h6>\u5171\u901a\u8fb2\u696d\u653f\u7b56\u306e\u975e\u5171\u901a\u90e8\u5206\u306e\u62e1\u5927<\/h6>\n<\/td>\n<td width=\"129\">\n<h6>\u8c4a\u5609\u54f2<\/h6>\n<\/td>\n<\/tr>\n<tr>\n<td width=\"426\">\n<h5><b>\u72ec\u7acb\u8ad6\u6587<\/b><\/h5>\n<\/td>\n<td width=\"129\"><\/td>\n<\/tr>\n<tr>\n<td width=\"426\">\n<h6>\u5224\u4f8b\u306b\u307f\u308bEU\u5e02\u6c11\u6a29\u306e\u73fe\u5728 \u2015\u79fb\u52d5\u5e02\u6c11\u306e\u6a29\u5229\u304b\u3089\u5c45\u4f4f\u5e02\u6c11\u306e\u6a29\u5229\u3078\uff1f<\/h6>\n<\/td>\n<td width=\"129\">\n<h6>\u4e2d\u6751\u6c11\u96c4<\/h6>\n<\/td>\n<\/tr>\n<tr>\n<td width=\"426\">\n<h6>\u300c\u30e8\u30fc\u30ed\u30c3\u30d1\u306e\u5e74\u300d\u306e\u65e5\u6b27\u95a2\u4fc2\uff0c1973-74\u5e74<\/h6>\n<\/td>\n<td width=\"129\">\n<h6>\u5c71\u672c\u5065<\/h6>\n<\/td>\n<\/tr>\n<tr>\n<td width=\"426\">\n<h6>EU\u65b0\u898f\u52a0\u76df\u56fd\u306b\u304a\u3051\u308b\u591a\u56fd\u7c4d\u9280\u884c\u306e\u73fe\u5730\u5316\u3068\u70ba\u66ff\u76f8\u5834\u653f\u7b56 \u2015\u4e16\u754c\u91d1\u878d\u5371\u6a5f\u3068\u306e\u95a2\u9023\u3067<\/h6>\n<\/td>\n<td width=\"129\">\n<h6>\u9ad8\u6a4b\u548c\u4e5f<\/h6>\n<\/td>\n<\/tr>\n<\/tbody>\n<\/table>\n","protected":false},"excerpt":{"rendered":"<p>\u30b0\u30ed\u30fc\u30d0\u30eb\u5316\u3068EU\u7d71\u5408\u306e\u518d\u691c\u8a3c \u7279\u5225\u5bc4\u7a3f The EU an [&hellip;]<\/p>\n","protected":false},"author":2717,"featured_media":0,"parent":0,"menu_order":95,"comment_status":"closed","ping_status":"closed","template":"","meta":{"_locale":"ja","_original_post":"1994","footnotes":""},"class_list":["post-1994","page","type-page","status-publish","hentry","ja"],"_links":{"self":[{"href":"https:\/\/www.eusa-japan.org\/index.php?rest_route=\/wp\/v2\/pages\/1994","targetHints":{"allow":["GET"]}}],"collection":[{"href":"https:\/\/www.eusa-japan.org\/index.php?rest_route=\/wp\/v2\/pages"}],"about":[{"href":"https:\/\/www.eusa-japan.org\/index.php?rest_route=\/wp\/v2\/types\/page"}],"author":[{"embeddable":true,"href":"https:\/\/www.eusa-japan.org\/index.php?rest_route=\/wp\/v2\/users\/2717"}],"replies":[{"embeddable":true,"href":"https:\/\/www.eusa-japan.org\/index.php?rest_route=%2Fwp%2Fv2%2Fcomments&post=1994"}],"version-history":[{"count":1,"href":"https:\/\/www.eusa-japan.org\/index.php?rest_route=\/wp\/v2\/pages\/1994\/revisions"}],"predecessor-version":[{"id":1995,"href":"https:\/\/www.eusa-japan.org\/index.php?rest_route=\/wp\/v2\/pages\/1994\/revisions\/1995"}],"wp:attachment":[{"href":"https:\/\/www.eusa-japan.org\/index.php?rest_route=%2Fwp%2Fv2%2Fmedia&parent=1994"}],"curies":[{"name":"wp","href":"https:\/\/api.w.org\/{rel}","templated":true}]}}